{"id":767,"date":"2018-09-04T10:13:26","date_gmt":"2018-09-04T13:13:26","guid":{"rendered":"https:\/\/ensagulla-cba.infd.edu.ar\/sitio\/?page_id=767"},"modified":"2018-09-04T10:13:26","modified_gmt":"2018-09-04T13:13:26","slug":"suscripcion-al-boletin-de-noticias","status":"publish","type":"page","link":"https:\/\/ensagulla-cba.infd.edu.ar\/sitio\/suscripcion-al-boletin-de-noticias\/","title":{"rendered":"Suscripci\u00f3n al Bolet\u00edn de Noticias"},"content":{"rendered":"<p>Ponemos a disposici\u00f3n de Uds. esta secci\u00f3n para invitarlos a\u00a0<strong>suscribirse<\/strong>\u00a0al Bolet\u00edn de Noticias, de esta manera podr\u00e1n recibir novedades institucionales de Nuestra Escuela.<\/p>\n<p>&nbsp;<\/p>\n<p>&nbsp;<\/p>\n<p><strong>Formulario de Inscripci\u00f3n al Bolet\u00edn de Noticias<\/strong>:\u00a0<a href=\"https:\/\/docs.google.com\/forms\/d\/e\/1FAIpQLSdzf2YJIola3ePFhq76C0SJ2v7kfm8U_n2z8RgmgaGgXeqeMw\/viewform?usp=sf_link\" target=\"_blank\" rel=\"noopener\">Clic aqu\u00ed<\/a>.<\/p>\n","protected":false},"excerpt":{"rendered":"<p>Ponemos a disposici\u00f3n de Uds. esta secci\u00f3n para invitarlos a\u00a0suscribirse\u00a0al Bolet\u00edn de Noticias, de esta manera podr\u00e1n recibir novedades institucionales de Nuestra Escuela. &nbsp; &nbsp; Formulario de Inscripci\u00f3n al Bolet\u00edn de Noticias:\u00a0Clic aqu\u00ed.<\/p>\n","protected":false},"author":520,"featured_media":0,"parent":0,"menu_order":0,"comment_status":"closed","ping_status":"closed","template":"","meta":[],"acf":[],"_links":{"self":[{"href":"https:\/\/ensagulla-cba.infd.edu.ar\/sitio\/wp-json\/wp\/v2\/pages\/767"}],"collection":[{"href":"https:\/\/ensagulla-cba.infd.edu.ar\/sitio\/wp-json\/wp\/v2\/pages"}],"about":[{"href":"https:\/\/ensagulla-cba.infd.edu.ar\/sitio\/wp-json\/wp\/v2\/types\/page"}],"author":[{"embeddable":true,"href":"https:\/\/ensagulla-cba.infd.edu.ar\/sitio\/wp-json\/wp\/v2\/users\/520"}],"replies":[{"embeddable":true,"href":"https:\/\/ensagulla-cba.infd.edu.ar\/sitio\/wp-json\/wp\/v2\/comments?post=767"}],"version-history":[{"count":1,"href":"https:\/\/ensagulla-cba.infd.edu.ar\/sitio\/wp-json\/wp\/v2\/pages\/767\/revisions"}],"predecessor-version":[{"id":768,"href":"https:\/\/ensagulla-cba.infd.edu.ar\/sitio\/wp-json\/wp\/v2\/pages\/767\/revisions\/768"}],"wp:attachment":[{"href":"https:\/\/ensagulla-cba.infd.edu.ar\/sitio\/wp-json\/wp\/v2\/media?parent=767"}],"curies":[{"name":"wp","href":"https:\/\/api.w.org\/{rel}","templated":true}]}}