{"id":5613,"date":"2022-03-16T22:34:16","date_gmt":"2022-03-17T01:34:16","guid":{"rendered":"https:\/\/ensagulla-cba.infd.edu.ar\/sitio\/?page_id=5613"},"modified":"2022-03-16T22:41:37","modified_gmt":"2022-03-17T01:41:37","slug":"seminario-el-oficio-de-ensenar","status":"publish","type":"page","link":"https:\/\/ensagulla-cba.infd.edu.ar\/sitio\/seminario-el-oficio-de-ensenar\/","title":{"rendered":"Seminario el Oficio de Ense\u00f1ar"},"content":{"rendered":"\n<p>Profesorado de Educaci\u00f3n Primaria. 1\u00b0 A\u00f1o _Instancia de Ingreso<\/p>\n\n\n\n<p>Estimados estudiantes, enviamos el link para el trabajo del Seminario del Oficio de ense\u00f1ar correspondiente a las jornadas de los d\u00edas 22\/3, 23\/3 y 25\/3.<\/p>\n\n\n\n<p>&nbsp;All\u00ed encontrar\u00e1n las actividades (videos, propuestas, lecturas) que se presentar\u00e1n en esas jornadas.<\/p>\n\n\n\n<p>Link: <a href=\"https:\/\/docs.google.com\/document\/d\/1pcrQS1QJe-E6vQv1OrePLg05Ly9eWnqV\/edit?usp=sharing&amp;ouid=102765474347050213943&amp;rtpof=true&amp;sd=true\">https:\/\/docs.google.com\/document\/d\/1pcrQS1QJe-E6vQv1OrePLg05Ly9eWnqV\/edit?usp=sharing&amp;ouid=102765474347050213943&amp;rtpof=true&amp;sd=true<\/a><\/p>\n\n\n\n<p>Saludos<\/p>\n","protected":false},"excerpt":{"rendered":"<p>Profesorado de Educaci\u00f3n Primaria. 1\u00b0 A\u00f1o _Instancia de Ingreso Estimados estudiantes, enviamos el link para el trabajo del Seminario del Oficio de ense\u00f1ar correspondiente a las jornadas de los d\u00edas 22\/3, 23\/3 y 25\/3. &nbsp;All\u00ed encontrar\u00e1n las actividades (videos, propuestas, lecturas) que se presentar\u00e1n en esas jornadas. Link: https:\/\/docs.google.com\/document\/d\/1pcrQS1QJe-E6vQv1OrePLg05Ly9eWnqV\/edit?usp=sharing&amp;ouid=102765474347050213943&amp;rtpof=true&amp;sd=true Saludos<\/p>\n","protected":false},"author":444,"featured_media":0,"parent":0,"menu_order":0,"comment_status":"closed","ping_status":"closed","template":"","meta":[],"acf":[],"_links":{"self":[{"href":"https:\/\/ensagulla-cba.infd.edu.ar\/sitio\/wp-json\/wp\/v2\/pages\/5613"}],"collection":[{"href":"https:\/\/ensagulla-cba.infd.edu.ar\/sitio\/wp-json\/wp\/v2\/pages"}],"about":[{"href":"https:\/\/ensagulla-cba.infd.edu.ar\/sitio\/wp-json\/wp\/v2\/types\/page"}],"author":[{"embeddable":true,"href":"https:\/\/ensagulla-cba.infd.edu.ar\/sitio\/wp-json\/wp\/v2\/users\/444"}],"replies":[{"embeddable":true,"href":"https:\/\/ensagulla-cba.infd.edu.ar\/sitio\/wp-json\/wp\/v2\/comments?post=5613"}],"version-history":[{"count":3,"href":"https:\/\/ensagulla-cba.infd.edu.ar\/sitio\/wp-json\/wp\/v2\/pages\/5613\/revisions"}],"predecessor-version":[{"id":5617,"href":"https:\/\/ensagulla-cba.infd.edu.ar\/sitio\/wp-json\/wp\/v2\/pages\/5613\/revisions\/5617"}],"wp:attachment":[{"href":"https:\/\/ensagulla-cba.infd.edu.ar\/sitio\/wp-json\/wp\/v2\/media?parent=5613"}],"curies":[{"name":"wp","href":"https:\/\/api.w.org\/{rel}","templated":true}]}}