{"id":286,"date":"2016-10-31T13:17:59","date_gmt":"2016-10-31T16:17:59","guid":{"rendered":"https:\/\/ensagulla-cba.infd.edu.ar\/sitio\/?page_id=286"},"modified":"2024-06-02T23:11:45","modified_gmt":"2024-06-03T02:11:45","slug":"inicio","status":"publish","type":"page","link":"https:\/\/ensagulla-cba.infd.edu.ar\/sitio\/","title":{"rendered":"Inicio"},"content":{"rendered":"<div id=\"metaslider-id-403\" style=\"width: 100%; margin: 0 auto;\" class=\"ml-slider-3-33-0 metaslider metaslider-flex metaslider-403 ml-slider ms-theme-default\" role=\"region\" aria-roledescription=\"Slideshow\" aria-label=\"Slideshow\">\n    <div id=\"metaslider_container_403\">\n        <div id=\"metaslider_403\" class=\"flexslider\">\n            <ul aria-live=\"polite\" class=\"slides\">\n                <li style=\"display: none; width: 100%;\" class=\"slide-4666 ms-image\" aria-roledescription=\"slide\" aria-label=\"slide-4666\"><a href=\"https:\/\/sites.google.com\/site\/ensaganivelsuperior\/\" target=\"_self\"><img src=\"https:\/\/ensagulla-cba.infd.edu.ar\/sitio\/wp-content\/uploads\/2023\/12\/INSCRIPCIONES-2024-copia.jpg\" height=\"200\" width=\"1100\" alt=\"\" class=\"slider-403 slide-4666\" title=\"INSCRIPCIONES 2024 copia\" \/><\/a><\/li>\n            <\/ul>\n        <\/div>\n        \n    <\/div>\n<\/div>\n<h2 style=\"text-align: center;\"><span style=\"color: #bf1717;\">Escuela Normal Superior \u00abDr. Agust\u00edn Garz\u00f3n Agulla\u00bb<\/span><\/h2>\n<p>Comunicaci\u00f3n Oficial 02\/06\/2024<\/p>\n<p>EQUIPO DIRECTIVO ENSAGA<\/p>\n<p>Estimadas Familias: Ante consultas que nos llegan, Ratificamos que ma\u00f1ana lunes 03 de junio, la actividad escolar es la normal y habitual en los cuatro niveles educativos de la ENSAGA<\/p>\n<p>&nbsp;<\/p>\n<p>Equipo Directivo<\/p>\n<p>ENSAGA<\/p>\n<p>\u00a0 \u00a0&#8212;&#8212;&#8212;&#8212;&#8212;&#8212;&#8212;&#8212;&#8212;&#8212;&#8212;&#8212;&#8212;&#8212;&#8212;&#8212;<\/p>\n<p style=\"font-weight: 400; text-align: center;\"><strong>COMUNICADO DE LA DIRECCI\u00d3N GENERAL DE LA<\/strong><\/p>\n<p style=\"text-align: center;\"><strong>ESCUELA NORMAL SUPERIOR \u201cDR. AGUSTIN GARZON AGULLA\u201d<\/strong><\/p>\n<p><strong>\u00a0<\/strong><\/p>\n<p style=\"font-weight: 400; text-align: right;\">C\u00f3rdoba, 30 de mayo de 2024.<\/p>\n<p style=\"font-weight: 400;\"><strong>ESTIMADAS FAMILIAS Y ESTUDIANTES:<\/strong><\/p>\n<p style=\"font-weight: 400;\">En funci\u00f3n de todos los trabajos e intervenciones realizadas y de los informes presentados por el \u00c1rea de Infraestructura y Equipamiento escolar desde el 15 al 29 de mayo, informamos que al d\u00eda de la fecha el edificio se encuentra en condiciones para el uso normal de todas las instalaciones y por lo tanto las actividades escolares son las habituales para los niveles Inicial, Primario, Secundario y Superior.<\/p>\n<p style=\"font-weight: 400;\"><strong>Equipo Directivo<\/strong><\/p>\n<p style=\"font-weight: 400;\"><strong>ENSAGA<\/strong><\/p>\n","protected":false},"excerpt":{"rendered":"<p>Escuela Normal Superior \u00abDr. Agust\u00edn Garz\u00f3n Agulla\u00bb Comunicaci\u00f3n Oficial 02\/06\/2024 EQUIPO DIRECTIVO ENSAGA Estimadas Familias: Ante consultas que nos llegan, Ratificamos que ma\u00f1ana lunes 03 de junio, la actividad escolar es la normal y habitual en los cuatro niveles educativos de la ENSAGA &nbsp; Equipo Directivo ENSAGA \u00a0 \u00a0&#8212;&#8212;&#8212;&#8212;&#8212;&#8212;&#8212;&#8212;&#8212;&#8212;&#8212;&#8212;&#8212;&#8212;&#8212;&#8212; COMUNICADO DE LA DIRECCI\u00d3N GENERAL DE &#8230; <a title=\"Inicio\" class=\"read-more\" href=\"https:\/\/ensagulla-cba.infd.edu.ar\/sitio\/\" aria-label=\"More on Inicio\">[+]<\/a><\/p>\n","protected":false},"author":1,"featured_media":0,"parent":0,"menu_order":0,"comment_status":"closed","ping_status":"closed","template":"","meta":[],"acf":[],"_links":{"self":[{"href":"https:\/\/ensagulla-cba.infd.edu.ar\/sitio\/wp-json\/wp\/v2\/pages\/286"}],"collection":[{"href":"https:\/\/ensagulla-cba.infd.edu.ar\/sitio\/wp-json\/wp\/v2\/pages"}],"about":[{"href":"https:\/\/ensagulla-cba.infd.edu.ar\/sitio\/wp-json\/wp\/v2\/types\/page"}],"author":[{"embeddable":true,"href":"https:\/\/ensagulla-cba.infd.edu.ar\/sitio\/wp-json\/wp\/v2\/users\/1"}],"replies":[{"embeddable":true,"href":"https:\/\/ensagulla-cba.infd.edu.ar\/sitio\/wp-json\/wp\/v2\/comments?post=286"}],"version-history":[{"count":418,"href":"https:\/\/ensagulla-cba.infd.edu.ar\/sitio\/wp-json\/wp\/v2\/pages\/286\/revisions"}],"predecessor-version":[{"id":5921,"href":"https:\/\/ensagulla-cba.infd.edu.ar\/sitio\/wp-json\/wp\/v2\/pages\/286\/revisions\/5921"}],"wp:attachment":[{"href":"https:\/\/ensagulla-cba.infd.edu.ar\/sitio\/wp-json\/wp\/v2\/media?parent=286"}],"curies":[{"name":"wp","href":"https:\/\/api.w.org\/{rel}","templated":true}]}}